{"id":2634,"date":"2021-01-15T14:08:58","date_gmt":"2021-01-15T14:08:58","guid":{"rendered":"https:\/\/www.eurekers.com\/cursosbolsa\/?page_id=2634"},"modified":"2021-01-15T14:08:59","modified_gmt":"2021-01-15T14:08:59","slug":"curso-de-bolsa-online-de-eurekers","status":"publish","type":"page","link":"https:\/\/www.eurekers.com\/cursosbolsa\/curso-de-bolsa-online-de-eurekers","title":{"rendered":"Curso de Bolsa online de Eurekers"},"content":{"rendered":"\n<p>Como usted ya sabr\u00e1, el objetivo principal de <strong><a href=\"http:\/\/eurekers.com\">Eurekers<\/a><\/strong> es <strong>ayudar al inversor en su camino hac\u00eda conseguir la rentabilidad<\/strong> a su capital. Una de las patas para conseguirlo es ense\u00f1ar una metodolog\u00eda testada para que cualquier persona que quiera rentabilizar sus ahorros en bolsa pueda hacerlo. En este contexto, naci\u00f3 nuestro curso presencial de bolsa a finales de 2008. Despu\u00e9s de m\u00e1s de una d\u00e9cada y gracias a la tecnolog\u00eda, hemos podido realizarlo en modalidad online para que se pueda realizar pr\u00e1cticamente en cualquier parte del mundo y, lo mejor, d\u00f3nde el alumno desee. Adem\u00e1s, este curso de bolsa online ya est\u00e1 disponible en diferentes idiomas como son el ingl\u00e9s y el portugu\u00e9s.<strong> Puedes ver la<\/strong> <strong>primera hora y media gratis en el siguiente video.<\/strong><\/p>\n\n\n\n<center><iframe width=\"560\" height=\"315\" src=\"https:\/\/www.youtube.com\/embed\/nco_qAZsz3M\" frameborder=\"0\" allow=\"accelerometer; autoplay; clipboard-write; encrypted-media; gyroscope; picture-in-picture\" allowfullscreen><\/iframe><\/center>\n\n\n\n<p>Nuestro <strong><a href=\"http:\/\/online.eurekers.com\">curso de bolsa online<\/a><\/strong> consiste en un proceso de formaci\u00f3n, tanto te\u00f3rico como pr\u00e1ctico, en el cual aprender\u00e1s a aplicar nuestra metodolog\u00eda Eurekers basada en la inversi\u00f3n a largo plazo. Seg\u00fan datos auditados, <strong>entre el 72% y el 86% de nuestros alumnos ganan dinero en bolsa aplicando esta metodolog\u00eda<\/strong>.\u00a0Adem\u00e1s, este curso ha sido galardonado como mejor curso de Europa por la revista brit\u00e1nica The European.<\/p>\n\n\n\n<p>Nuestro m\u00e9todo se caracteriza por desarrollar tres campos fundamentales a la hora de invertir en los mercados burs\u00e1tiles.&nbsp; Estos son: la psicolog\u00eda en el mercado financiero, la gesti\u00f3n del riesgo monetario en las operaciones y el an\u00e1lisis de medio y largo plazo de las acciones.<\/p>\n\n\n\n<p>Por tanto, cuando los alumnos terminan nuestro curso online de bolsa ya est\u00e1n capacitados para gestionar su dinero en bolsa de una forma sencilla y eficaz.<\/p>\n\n\n\n<h2 class=\"wp-block-heading\" id=\"id-\u00bfQu\u00e9eselCursoOnlinedeEurekers?-\u00bfPorqu\u00e9realizarelCursodeBolsaOnlinedeEurekers?\">\u00bfPor qu\u00e9 realizarlo?<\/h2>\n\n\n\n<p>Tal vez te preguntes por qu\u00e9 es bueno para ti realizar un curso de bolsa online o, a lo mejor, piensas que puedes aprenderlo todo gratuitamente buscando informaci\u00f3n en internet. Bien, te podr\u00edamos dar cientos de respuestas convincentes de porqu\u00e9 deber\u00edas realizarlo, pero la m\u00e1s importante es que te reducir\u00e1 much\u00edsimo el tiempo de aprendizaje, tanto de una metodolog\u00eda de inversi\u00f3n como de las plataformas que necesitas para aplicarla. Adem\u00e1s, te ayudar\u00e1 a evitar que cometas los errores m\u00e1s comunes de los inversores, ya que ya han sido cometidos por muchos otros y podr\u00e1s librarte del coste econ\u00f3mico de caer en ellos.<\/p>\n\n\n\n<p>Nuestro curso online de bolsa te ayudar\u00e1 con todos estos procesos, reduciendo al m\u00e1ximo la inversi\u00f3n en tiempo, de tal forma que nada m\u00e1s terminarlo ya estar\u00e1s capacitado para empezar a rentabilizar tus ahorros.\u00a0<\/p>\n\n\n\n<div class=\"wp-block-image\"><figure class=\"aligncenter\"><a href=\"https:\/\/online.eurekers.com\"><img fetchpriority=\"high\" decoding=\"async\" width=\"300\" height=\"360\" src=\"https:\/\/www.eurekers.com\/cursosbolsa\/wp-content\/uploads\/2020\/12\/Curso-de-Bolsa-Online-de-Eurekers-banner-1.jpg\" alt=\"Curso de Bolsa Online de Eurekers banner\" class=\"wp-image-2607\" srcset=\"https:\/\/www.eurekers.com\/cursosbolsa\/wp-content\/uploads\/2020\/12\/Curso-de-Bolsa-Online-de-Eurekers-banner-1.jpg 300w, https:\/\/www.eurekers.com\/cursosbolsa\/wp-content\/uploads\/2020\/12\/Curso-de-Bolsa-Online-de-Eurekers-banner-1-250x300.jpg 250w\" sizes=\"(max-width: 300px) 100vw, 300px\" \/><\/a><\/figure><\/div>\n\n\n\n<p>Es m\u00e1s, nuestros alumnos terminan el curso muy satisfechos: \u00bbCurso de car\u00e1cter muy din\u00e1mico desde el punto de vista pedag\u00f3gico. Se han definido las cosas de forma muy clara y concisa. Las pocas dudas que iban surgiendo, se disipaban con las respuestas del ponente. Muy pr\u00e1ctico, no se andaba con rodeos y a la vez ameno. Muy contento de haberlo hecho.\u00bb declaraba Marcel Sayol -m\u00e9dico de profesi\u00f3n-.<\/p>\n\n\n\n<h2 class=\"wp-block-heading\" id=\"id-\u00bfQu\u00e9eselCursoOnlinedeEurekers?-\u00bfQu\u00e9aprender\u00e1senelCursoOnlinedeEurekers?\">\u00bfQu\u00e9 aprender\u00e1s?<\/h2>\n\n\n\n<p>Al finalizar este curso online de bolsa, no tendr\u00e1s solo conocimientos te\u00f3ricos, como en otros cursos de bolsa, sino unas pautas pr\u00e1cticas ofrecidas durante el curso que ayudan a consolidar todo lo aprendido y permiten al alumno poder invertir con confianza tras su finalizaci\u00f3n. La estructura de nuestro curso de bolsa online es la siguiente:<\/p>\n\n\n\n<ul class=\"wp-block-list\"><li><strong>Psicolog\u00eda en la inversi\u00f3n efectiva.&nbsp;<\/strong>La mente del inversor debe estar preparada para todas las situaciones del mercado. En concreto, debe estar preparada tanto para los momentos de euforia burs\u00e1til como para los momentos de p\u00e1nico, ya que en nuestra vida como inversores los viviremos. Para ello, necesitamos una psicolog\u00eda diferente, que nos ense\u00f1e a ver los mercados de una forma especial, que nos ayude a identificar estos momentos y poder permanecer tranquilos, a identificar nuestro ego, a reconocer cuando nos hemos equivocado, etc.<\/li><li><strong>Gesti\u00f3n del riesgo por operaci\u00f3n.&nbsp;<\/strong>El control de las p\u00e9rdidas es primordial, por eso hacemos hincapi\u00e9 en que cada operaci\u00f3n cuenta y cada una de \u00e9stas debe tener unas p\u00e9rdidas m\u00e1ximas limitadas. Antes de abrir la operaci\u00f3n se calcular\u00e1 el montante a invertir para no asumir m\u00e1s p\u00e9rdidas que las deseadas en el caso de que la operaci\u00f3n salte el stop.<\/li><li><strong>Gesti\u00f3n global de cartera.&nbsp;<\/strong>Adem\u00e1s del riesgo por operaci\u00f3n, nuestra cartera tendr\u00e1 una exposici\u00f3n al mercado limitada. La raz\u00f3n es simple, saber siempre el m\u00e1ximo que podemos perder de nuestra cartera en el caso de que en todas las operaciones abiertas de la cartera salten los stops.&nbsp;<\/li><li><strong>M\u00e9todo b\u00e1sico de inversi\u00f3n Eurekers. Pr\u00e1ctica.&nbsp;<\/strong>Por un lado, el curso de bolsa online te ense\u00f1ar\u00e1 te\u00f3ricamente nuestro m\u00e9todo y, una vez aprendido, podr\u00e1s realizar los ejercicios de repaso en la web de Eurekers para terminar de afianzar el conocimiento. Aprender\u00e1s a poner \u00f3rdenes en el br\u00f3ker, qu\u00e9 es una pantalla de negociaci\u00f3n, por qu\u00e9 invertimos en acciones en M\u00e1ximos Hist\u00f3ricos, d\u00f3nde est\u00e1n los soportes y resistencias de las acciones, las reglas a seguir para saber si la acci\u00f3n analizada es v\u00e1lida para la inversi\u00f3n, etc.<\/li><li><strong>Uso correcto de Stops. Pr\u00e1ctica.<\/strong>&nbsp;La buena colocaci\u00f3n de los stops influye much\u00edsimo en la evoluci\u00f3n de la cartera, ya que si est\u00e1n mal colocados, podr\u00e1n hacerte perder m\u00e1s dinero o, incluso, sacarte de una operaci\u00f3n buena antes de tiempo y, por ende, perder dinero tambi\u00e9n. En nuestro curso online de bolsa, aprender\u00e1s a situarlos correctamente.<\/li><li><strong>Volumen de negocio. Pr\u00e1ctica.&nbsp;<\/strong>El volumen en un valor es muy importante ya que quieres poder comprarlo cuando quieras abrir la posici\u00f3n y poder venderlo cuando quieras venderlo. Por tanto, no todos los valores del mundo nos valen para poder entrar ya que imagina que consigues entrar pero no salir al precio que quieres porque no hay nadie que te d\u00e9 la contrapartida. Te ense\u00f1aremos a buscar valores en los cuales no vas a tener este problema.<\/li><li><strong>Inversi\u00f3n m\u00ednima y m\u00e1xima por operaci\u00f3n. Pr\u00e1ctica.&nbsp;<\/strong>Encontraremos valores en los cuales no podremos entrar porque el montante de inversi\u00f3n es demasiado peque\u00f1o y no nos sale a cuenta contando las comisiones asociadas a la operaci\u00f3n. Por eso, exigimos un nivel de inversi\u00f3n m\u00ednima con el objetivo de minimizar el efecto de las comisiones en nuestra rentabilidad. Al mismo tiempo, tampoco debemos tener una gran porcentaje de nuestra cartera en un valor ya que nuestra cartera evolucionar\u00e1 de la misma forma que ese valor y estar\u00edamos faltando a una de las principales reglas de la inversi\u00f3n: la diversificaci\u00f3n.<\/li><li><strong>Barras envolventes. Rapidez de onda. Pr\u00e1ctica.&nbsp;<\/strong>Las barras envolventes son unas barras que simbolizan una subida muy r\u00e1pida del precio, en el curso de bolsa online se te mostrar\u00e1n casos reales y se te ense\u00f1ar\u00e1 a detectar las posibles barras envolventes previamente para poder aprovechar su r\u00e1pida subida.&nbsp;<\/li><li><strong>Selecci\u00f3n de los mejores valores. Pr\u00e1ctica.&nbsp;<\/strong>En los mercados burs\u00e1tiles hay muchas acciones que cumplen con las reglas de la metodolog\u00eda Eurekers, pero esto no quiere decir que debamos invertir en todas. Es m\u00e1s, cada inversor tiene sus preferencias y gustos en cuanto acciones, pero os ayudaremos a detectar los mejores valores dentro de un sector, bolsa, pa\u00eds, etc.<\/li><li><strong>Herramientas eficaces de inversi\u00f3n. Pr\u00e1ctica.&nbsp;<\/strong>En nuestra p\u00e1gina web disponemos de diferentes herramientas que te ayudar\u00e1n en el proceso de toma de decisiones de inversi\u00f3n y, lo m\u00e1s importante, te reducir\u00e1n el tiempo de investigaci\u00f3n y de selecci\u00f3n de valores. Podr\u00e1s gestionar tu cartera de manera sencilla en un solo sitio, nuestra web. Podr\u00e1s buscar valores que ya cumplen la metodolog\u00eda y sus reglas, encontrar los sectores m\u00e1s rentables o los pa\u00edses que m\u00e1s crecen, gestionar el riesgo de tu cartera, etc.<\/li><\/ul>\n\n\n\n<h2 class=\"wp-block-heading\" id=\"id-\u00bfQu\u00e9eselCursoOnlinedeEurekers?-\u00bfC\u00f3moempezarelCursodeBolsaOnline?\">\u00bfC\u00f3mo empezar el Curso de Bolsa Online?<\/h2>\n\n\n\n<p>Podr\u00e1 acceder a nuestro curso online de bolsa pinchando&nbsp;<a href=\"https:\/\/online.eurekers.com\/\">aqu\u00ed.&nbsp;<\/a>En este enlace podr\u00e1 encontrar toda la informaci\u00f3n relevante relativa al curso que hemos presentado en este art\u00edculo.&nbsp;<\/p>\n\n\n\n<p>Si no est\u00e1 100% decidido a realizar el curso, no pasa nada, la primera parte es totalmente gratuita. Las 2 primeras partes de la formaci\u00f3n se pueden ver completamente gratis y si al final decide realizarlo ser\u00e1 cuando se le cobrar\u00e1 el importe de nuestro curso de bolsa online. En estas 2 horas gratuitas podr\u00e1 ver todo el m\u00f3dulo de Psicolog\u00eda y el m\u00f3dulo de la gesti\u00f3n del riesgo de la cartera.&nbsp;<\/p>\n\n\n\n<p>El proceso de crearse una cuenta es tremendamente sencillo. Si quiere darse de alta, ver\u00e1 un bot\u00f3n naranja que pone \u00bbCREAR CUENTA\u00bb en la parte superior derecha de la pantalla. Si pincha, se le abrir\u00e1 la pesta\u00f1a de registro donde le pedir\u00e1 los datos necesarios para crearse la cuenta y una contrase\u00f1a para que solo usted pueda acceder a su cuenta.&nbsp;<\/p>\n\n\n\n<p>En el caso que a usted no le gustase la formaci\u00f3n online, tambi\u00e9n disponemos de cursos presenciales en las principales ciudades de Espa\u00f1a: Madrid, Barcelona, Valencia y Bilbao.<\/p>\n\n\n\n<p>Si tiene cualquier duda, le invitamos a solicitar informaci\u00f3n contactando con nuestro servicio de Atenci\u00f3n al Cliente a trav\u00e9s del email:&nbsp;<a href=\"mailto:info@eurekers.com\">info@eurekers.com<\/a>&nbsp;o llamando al n\u00famero de tel\u00e9fono:&nbsp;911 331 556.<\/p>\n","protected":false},"excerpt":{"rendered":"<p>Como usted ya sabr\u00e1, el objetivo principal de Eurekers es ayudar al inversor en su camino hac\u00eda conseguir la rentabilidad [&hellip;]<\/p>\n","protected":false},"author":12,"featured_media":0,"parent":0,"menu_order":0,"comment_status":"closed","ping_status":"closed","template":"","meta":{"_joinchat":[],"footnotes":""},"categories":[210],"tags":[86,192,241],"class_list":["post-2634","page","type-page","status-publish","hentry","category-invertir-en-bolsa","tag-eurekers","tag-mejor-curso-de-bolsa","tag-curso-de-bolsa-online"],"yoast_head":"<!-- This site is optimized with the Yoast SEO plugin v25.5 - https:\/\/yoast.com\/wordpress\/plugins\/seo\/ -->\n<title>Curso de Bolsa Online de Eurekers - Conoce nuestro curso<\/title>\n<meta name=\"description\" content=\"CURSO DE BOLSA ONLINE | 1:30 h gratis sin compromiso y sin necesidad de registro | Eurekers, la mayor comunidad de inversores particulares de Europa\" \/>\n<meta name=\"robots\" content=\"index, follow, max-snippet:-1, max-image-preview:large, max-video-preview:-1\" \/>\n<link rel=\"canonical\" href=\"https:\/\/www.eurekers.com\/cursosbolsa\/curso-de-bolsa-online-de-eurekers\" \/>\n<meta property=\"og:locale\" content=\"es_ES\" \/>\n<meta property=\"og:type\" content=\"article\" \/>\n<meta property=\"og:title\" content=\"Curso de Bolsa Online de Eurekers - Conoce nuestro curso\" \/>\n<meta property=\"og:description\" content=\"CURSO DE BOLSA ONLINE | 1:30 h gratis sin compromiso y sin necesidad de registro | Eurekers, la mayor comunidad de inversores particulares de Europa\" \/>\n<meta property=\"og:url\" content=\"https:\/\/www.eurekers.com\/cursosbolsa\/curso-de-bolsa-online-de-eurekers\" \/>\n<meta property=\"og:site_name\" content=\"Blog de Bolsa - Eurekers\" \/>\n<meta property=\"article:publisher\" content=\"https:\/\/www.facebook.com\/eurekersbolsa\" \/>\n<meta property=\"article:modified_time\" content=\"2021-01-15T14:08:59+00:00\" \/>\n<meta property=\"og:image\" content=\"https:\/\/www.eurekers.com\/cursosbolsa\/wp-content\/uploads\/2020\/12\/Curso-de-Bolsa-Online-de-Eurekers-banner-1.jpg\" \/>\n<meta name=\"twitter:card\" content=\"summary_large_image\" \/>\n<meta name=\"twitter:site\" content=\"@eurekersbolsa\" \/>\n<meta name=\"twitter:label1\" content=\"Tiempo de lectura\" \/>\n\t<meta name=\"twitter:data1\" content=\"8 minutos\" \/>\n<script type=\"application\/ld+json\" class=\"yoast-schema-graph\">{\"@context\":\"https:\/\/schema.org\",\"@graph\":[{\"@type\":\"WebPage\",\"@id\":\"https:\/\/www.eurekers.com\/cursosbolsa\/curso-de-bolsa-online-de-eurekers\",\"url\":\"https:\/\/www.eurekers.com\/cursosbolsa\/curso-de-bolsa-online-de-eurekers\",\"name\":\"Curso de Bolsa Online de Eurekers - Conoce nuestro curso\",\"isPartOf\":{\"@id\":\"https:\/\/www.eurekers.com\/cursosbolsa\/#website\"},\"primaryImageOfPage\":{\"@id\":\"https:\/\/www.eurekers.com\/cursosbolsa\/curso-de-bolsa-online-de-eurekers#primaryimage\"},\"image\":{\"@id\":\"https:\/\/www.eurekers.com\/cursosbolsa\/curso-de-bolsa-online-de-eurekers#primaryimage\"},\"thumbnailUrl\":\"https:\/\/www.eurekers.com\/cursosbolsa\/wp-content\/uploads\/2020\/12\/Curso-de-Bolsa-Online-de-Eurekers-banner-1.jpg\",\"datePublished\":\"2021-01-15T14:08:58+00:00\",\"dateModified\":\"2021-01-15T14:08:59+00:00\",\"description\":\"CURSO DE BOLSA ONLINE | 1:30 h gratis sin compromiso y sin necesidad de registro | Eurekers, la mayor comunidad de inversores particulares de Europa\",\"breadcrumb\":{\"@id\":\"https:\/\/www.eurekers.com\/cursosbolsa\/curso-de-bolsa-online-de-eurekers#breadcrumb\"},\"inLanguage\":\"es\",\"potentialAction\":[{\"@type\":\"ReadAction\",\"target\":[\"https:\/\/www.eurekers.com\/cursosbolsa\/curso-de-bolsa-online-de-eurekers\"]}]},{\"@type\":\"ImageObject\",\"inLanguage\":\"es\",\"@id\":\"https:\/\/www.eurekers.com\/cursosbolsa\/curso-de-bolsa-online-de-eurekers#primaryimage\",\"url\":\"https:\/\/www.eurekers.com\/cursosbolsa\/wp-content\/uploads\/2020\/12\/Curso-de-Bolsa-Online-de-Eurekers-banner-1.jpg\",\"contentUrl\":\"https:\/\/www.eurekers.com\/cursosbolsa\/wp-content\/uploads\/2020\/12\/Curso-de-Bolsa-Online-de-Eurekers-banner-1.jpg\",\"width\":300,\"height\":360,\"caption\":\"Curso de Bolsa Online de Eurekers banner\"},{\"@type\":\"BreadcrumbList\",\"@id\":\"https:\/\/www.eurekers.com\/cursosbolsa\/curso-de-bolsa-online-de-eurekers#breadcrumb\",\"itemListElement\":[{\"@type\":\"ListItem\",\"position\":1,\"name\":\"Portada\",\"item\":\"https:\/\/www.eurekers.com\/cursosbolsa\/\"},{\"@type\":\"ListItem\",\"position\":2,\"name\":\"Curso de Bolsa online de Eurekers\"}]},{\"@type\":\"WebSite\",\"@id\":\"https:\/\/www.eurekers.com\/cursosbolsa\/#website\",\"url\":\"https:\/\/www.eurekers.com\/cursosbolsa\/\",\"name\":\"Blog de Bolsa - Eurekers\",\"description\":\"Formaci\u00f3n y Comunidad de Bolsa\",\"publisher\":{\"@id\":\"https:\/\/www.eurekers.com\/cursosbolsa\/#organization\"},\"potentialAction\":[{\"@type\":\"SearchAction\",\"target\":{\"@type\":\"EntryPoint\",\"urlTemplate\":\"https:\/\/www.eurekers.com\/cursosbolsa\/?s={search_term_string}\"},\"query-input\":{\"@type\":\"PropertyValueSpecification\",\"valueRequired\":true,\"valueName\":\"search_term_string\"}}],\"inLanguage\":\"es\"},{\"@type\":\"Organization\",\"@id\":\"https:\/\/www.eurekers.com\/cursosbolsa\/#organization\",\"name\":\"Eurekers.com\",\"url\":\"https:\/\/www.eurekers.com\/cursosbolsa\/\",\"logo\":{\"@type\":\"ImageObject\",\"inLanguage\":\"es\",\"@id\":\"https:\/\/www.eurekers.com\/cursosbolsa\/#\/schema\/logo\/image\/\",\"url\":\"https:\/\/www.eurekers.com\/cursosbolsa\/wp-content\/uploads\/2018\/10\/Anagrama.png\",\"contentUrl\":\"https:\/\/www.eurekers.com\/cursosbolsa\/wp-content\/uploads\/2018\/10\/Anagrama.png\",\"width\":296,\"height\":274,\"caption\":\"Eurekers.com\"},\"image\":{\"@id\":\"https:\/\/www.eurekers.com\/cursosbolsa\/#\/schema\/logo\/image\/\"},\"sameAs\":[\"https:\/\/www.facebook.com\/eurekersbolsa\",\"https:\/\/x.com\/eurekersbolsa\",\"https:\/\/www.instagram.com\/eurekers\/\"]}]}<\/script>\n<!-- \/ Yoast SEO plugin. -->","yoast_head_json":{"title":"Curso de Bolsa Online de Eurekers - Conoce nuestro curso","description":"CURSO DE BOLSA ONLINE | 1:30 h gratis sin compromiso y sin necesidad de registro | Eurekers, la mayor comunidad de inversores particulares de Europa","robots":{"index":"index","follow":"follow","max-snippet":"max-snippet:-1","max-image-preview":"max-image-preview:large","max-video-preview":"max-video-preview:-1"},"canonical":"https:\/\/www.eurekers.com\/cursosbolsa\/curso-de-bolsa-online-de-eurekers","og_locale":"es_ES","og_type":"article","og_title":"Curso de Bolsa Online de Eurekers - Conoce nuestro curso","og_description":"CURSO DE BOLSA ONLINE | 1:30 h gratis sin compromiso y sin necesidad de registro | Eurekers, la mayor comunidad de inversores particulares de Europa","og_url":"https:\/\/www.eurekers.com\/cursosbolsa\/curso-de-bolsa-online-de-eurekers","og_site_name":"Blog de Bolsa - Eurekers","article_publisher":"https:\/\/www.facebook.com\/eurekersbolsa","article_modified_time":"2021-01-15T14:08:59+00:00","og_image":[{"url":"https:\/\/www.eurekers.com\/cursosbolsa\/wp-content\/uploads\/2020\/12\/Curso-de-Bolsa-Online-de-Eurekers-banner-1.jpg","type":"","width":"","height":""}],"twitter_card":"summary_large_image","twitter_site":"@eurekersbolsa","twitter_misc":{"Tiempo de lectura":"8 minutos"},"schema":{"@context":"https:\/\/schema.org","@graph":[{"@type":"WebPage","@id":"https:\/\/www.eurekers.com\/cursosbolsa\/curso-de-bolsa-online-de-eurekers","url":"https:\/\/www.eurekers.com\/cursosbolsa\/curso-de-bolsa-online-de-eurekers","name":"Curso de Bolsa Online de Eurekers - Conoce nuestro curso","isPartOf":{"@id":"https:\/\/www.eurekers.com\/cursosbolsa\/#website"},"primaryImageOfPage":{"@id":"https:\/\/www.eurekers.com\/cursosbolsa\/curso-de-bolsa-online-de-eurekers#primaryimage"},"image":{"@id":"https:\/\/www.eurekers.com\/cursosbolsa\/curso-de-bolsa-online-de-eurekers#primaryimage"},"thumbnailUrl":"https:\/\/www.eurekers.com\/cursosbolsa\/wp-content\/uploads\/2020\/12\/Curso-de-Bolsa-Online-de-Eurekers-banner-1.jpg","datePublished":"2021-01-15T14:08:58+00:00","dateModified":"2021-01-15T14:08:59+00:00","description":"CURSO DE BOLSA ONLINE | 1:30 h gratis sin compromiso y sin necesidad de registro | Eurekers, la mayor comunidad de inversores particulares de Europa","breadcrumb":{"@id":"https:\/\/www.eurekers.com\/cursosbolsa\/curso-de-bolsa-online-de-eurekers#breadcrumb"},"inLanguage":"es","potentialAction":[{"@type":"ReadAction","target":["https:\/\/www.eurekers.com\/cursosbolsa\/curso-de-bolsa-online-de-eurekers"]}]},{"@type":"ImageObject","inLanguage":"es","@id":"https:\/\/www.eurekers.com\/cursosbolsa\/curso-de-bolsa-online-de-eurekers#primaryimage","url":"https:\/\/www.eurekers.com\/cursosbolsa\/wp-content\/uploads\/2020\/12\/Curso-de-Bolsa-Online-de-Eurekers-banner-1.jpg","contentUrl":"https:\/\/www.eurekers.com\/cursosbolsa\/wp-content\/uploads\/2020\/12\/Curso-de-Bolsa-Online-de-Eurekers-banner-1.jpg","width":300,"height":360,"caption":"Curso de Bolsa Online de Eurekers banner"},{"@type":"BreadcrumbList","@id":"https:\/\/www.eurekers.com\/cursosbolsa\/curso-de-bolsa-online-de-eurekers#breadcrumb","itemListElement":[{"@type":"ListItem","position":1,"name":"Portada","item":"https:\/\/www.eurekers.com\/cursosbolsa\/"},{"@type":"ListItem","position":2,"name":"Curso de Bolsa online de Eurekers"}]},{"@type":"WebSite","@id":"https:\/\/www.eurekers.com\/cursosbolsa\/#website","url":"https:\/\/www.eurekers.com\/cursosbolsa\/","name":"Blog de Bolsa - Eurekers","description":"Formaci\u00f3n y Comunidad de Bolsa","publisher":{"@id":"https:\/\/www.eurekers.com\/cursosbolsa\/#organization"},"potentialAction":[{"@type":"SearchAction","target":{"@type":"EntryPoint","urlTemplate":"https:\/\/www.eurekers.com\/cursosbolsa\/?s={search_term_string}"},"query-input":{"@type":"PropertyValueSpecification","valueRequired":true,"valueName":"search_term_string"}}],"inLanguage":"es"},{"@type":"Organization","@id":"https:\/\/www.eurekers.com\/cursosbolsa\/#organization","name":"Eurekers.com","url":"https:\/\/www.eurekers.com\/cursosbolsa\/","logo":{"@type":"ImageObject","inLanguage":"es","@id":"https:\/\/www.eurekers.com\/cursosbolsa\/#\/schema\/logo\/image\/","url":"https:\/\/www.eurekers.com\/cursosbolsa\/wp-content\/uploads\/2018\/10\/Anagrama.png","contentUrl":"https:\/\/www.eurekers.com\/cursosbolsa\/wp-content\/uploads\/2018\/10\/Anagrama.png","width":296,"height":274,"caption":"Eurekers.com"},"image":{"@id":"https:\/\/www.eurekers.com\/cursosbolsa\/#\/schema\/logo\/image\/"},"sameAs":["https:\/\/www.facebook.com\/eurekersbolsa","https:\/\/x.com\/eurekersbolsa","https:\/\/www.instagram.com\/eurekers\/"]}]}},"_links":{"self":[{"href":"https:\/\/www.eurekers.com\/cursosbolsa\/wp-json\/wp\/v2\/pages\/2634"}],"collection":[{"href":"https:\/\/www.eurekers.com\/cursosbolsa\/wp-json\/wp\/v2\/pages"}],"about":[{"href":"https:\/\/www.eurekers.com\/cursosbolsa\/wp-json\/wp\/v2\/types\/page"}],"author":[{"embeddable":true,"href":"https:\/\/www.eurekers.com\/cursosbolsa\/wp-json\/wp\/v2\/users\/12"}],"replies":[{"embeddable":true,"href":"https:\/\/www.eurekers.com\/cursosbolsa\/wp-json\/wp\/v2\/comments?post=2634"}],"version-history":[{"count":1,"href":"https:\/\/www.eurekers.com\/cursosbolsa\/wp-json\/wp\/v2\/pages\/2634\/revisions"}],"predecessor-version":[{"id":2635,"href":"https:\/\/www.eurekers.com\/cursosbolsa\/wp-json\/wp\/v2\/pages\/2634\/revisions\/2635"}],"wp:attachment":[{"href":"https:\/\/www.eurekers.com\/cursosbolsa\/wp-json\/wp\/v2\/media?parent=2634"}],"wp:term":[{"taxonomy":"category","embeddable":true,"href":"https:\/\/www.eurekers.com\/cursosbolsa\/wp-json\/wp\/v2\/categories?post=2634"},{"taxonomy":"post_tag","embeddable":true,"href":"https:\/\/www.eurekers.com\/cursosbolsa\/wp-json\/wp\/v2\/tags?post=2634"}],"curies":[{"name":"wp","href":"https:\/\/api.w.org\/{rel}","templated":true}]}}